{"id":689,"date":"2024-01-22T04:11:53","date_gmt":"2024-01-22T02:11:53","guid":{"rendered":"https:\/\/impuhastus.ee\/puhastusteenused\/"},"modified":"2026-01-28T22:28:50","modified_gmt":"2026-01-28T20:28:50","slug":"puhastusteenused","status":"publish","type":"page","link":"https:\/\/impuhastus.ee\/ru\/puhastusteenused\/","title":{"rendered":"Puhastusteenused"},"content":{"rendered":"<p>[et_pb_section fb_built=&#187;1&#8243; _builder_version=&#187;4.24.0&#8243; _module_preset=&#187;default&#187; global_colors_info=&#187;{}&#187;][et_pb_row column_structure=&#187;1_2,1_2&#8243; _builder_version=&#187;4.24.0&#8243; _module_preset=&#187;default&#187; global_colors_info=&#187;{}&#187;][et_pb_column type=&#187;1_2&#8243; _builder_version=&#187;4.24.0&#8243; _module_preset=&#187;default&#187; global_colors_info=&#187;{}&#187;][et_pb_text _builder_version=&#187;4.27.5&#8243; _module_preset=&#187;default&#187; header_font=&#187;|600|||||||&#187; header_text_color=&#187;#069043&#8243; header_font_size=&#187;40px&#187; hover_enabled=&#187;0&#8243; global_colors_info=&#187;{}&#187; sticky_enabled=&#187;0&#8243;]<\/p>\n<h1>Puhastusteenused<\/h1>\n<p>Sageli kuuleme s\u00f5pradelt-tuttavatelt, kuidas neil k\u00e4ib kord m\u00f5ne n\u00e4dala tagant kodus koristaja, kes aitab lisaks tolmuga v\u00f5itlemisele puhastada ka pehme m\u00f6\u00f6bli ning pesta aknad. Kust leida selline inimene, kes teeks k\u00f5ik puhastusteenused sinu eest laitmatult \u00e4ra?<\/p>\n<p>Selleks tasub kindlasti k\u00fcsida tuttavate soovitusi, aga muidugi v\u00f5ib otsida ka internetist <a href=\"\/\">usaldusv\u00e4\u00e4rset koristusfirmat<\/a>. Usaldusv\u00e4\u00e4rsuse juures on k\u00f5ige olulisem kriteerium see, et puhastusteenuseid pakkuv ettev\u00f5te omaks teatavat hulka kliente ning tema tegevus oleks standardiseeritud. Sel juhul saab olla kindel, et k\u00f5ikide t\u00f6\u00f6tajate t\u00f6\u00f6 kvaliteet on \u00fchtviisi k\u00f5rgel tasemel. N\u00e4iteks <a href=\"\/\">IM Puhastus O\u00dc<\/a> pakub hoolduskoristus- ja eripuhastusteenuseid nii koju, kontoritele, \u00fc\u00fcrikorteri, tootmisse kui ka korteri\u00fchistutele. Ettev\u00f5ttel on suur hulk erakliente, kes palkavad puhastuseksperte igal aastal oma eramu suuri ja k\u00f5rgeid aknaid pesema v\u00f5i l\u00e4bi viima <a href=\"https:\/\/impuhastus.ee\/kolimisjargne-koristus\/\">kolimisj\u00e4rgset koristust<\/a> \u00fc\u00fcrikodudes.<\/p>\n<p><strong>Milleks ise katsetada ja kulutada kallist aega t\u00fc\u00fctule tegevusele?<\/strong><\/p>\n<p>Pole ka ime, sest redelil turnimine ja akna pesemine vajab lisaks pesemisoskustele ka akrobaadile omast v\u00f5imet tasakaalu hoida. Milleks ise katsetada ja kulutada kallist aega t\u00fc\u00fctule tegevusele, kui on olemas <a href=\"https:\/\/impuhastus.ee\/ru\/puhastusteenused\/\">professionaalne puhastusteenuste pakkuja<\/a>, kes teie asemel selle t\u00f6\u00f6 r\u00f5\u00f5muga ette v\u00f5tab ning oluliselt kiiremini, ohutumalt ja tulemusrikkamalt \u00e4ra teeb? Ettev\u00f5tte populaarsematest teenustest eraisikutele v\u00f5ib v\u00e4lja tuua <a href=\"https:\/\/impuhastus.ee\/suurpuhastus\/\">p\u00f5hjaliku suurpuhastuse<\/a>, mis h\u00f5lmab pindade ja ruumide puhastamise eritehnika abil, ja <a href=\"https:\/\/impuhastus.ee\/ehitusjargne-koristus\/\">ehitusj\u00e4rgse koristuse<\/a>, mille k\u00e4igus vabanetakse remondi k\u00e4igus tekkinud ehitustolmust ja prahist. Kas on m\u00f5tet soetada endale koju kallis ja ruumiv\u00f5ttev puhastustehnika, mida kasutate kord aastas? Samuti pole vajadust end p\u00e4rast keerulist ehitus- ja remondiaega v\u00e4sitada hilisema koristust\u00f6\u00f6ga. Pigem k\u00fclastage selle asemel kaubanduskeskuseid ja disainikaupluseid ning soetage kodu uut moodsat sisustust!<\/p>\n<p>Artiklit saab edasi lugeda <a href=\"https:\/\/moodnekodu.delfi.ee\/artikkel\/120088566\/puhastusteenused-koju-ja-kontorisse-kuidas-saavutada-laitmatu-tulemus\">Delfist<\/a><\/p>\n<p>[\/et_pb_text][\/et_pb_column][et_pb_column type=&#187;1_2&#8243; _builder_version=&#187;4.24.0&#8243; _module_preset=&#187;default&#187; global_colors_info=&#187;{}&#187;][et_pb_image src=&#187;https:\/\/impuhastus.ee\/wp-content\/uploads\/2024\/01\/Puhastusteenused.webp&#187; title_text=&#187;Puhastusteenused&#187; _builder_version=&#187;4.24.0&#8243; _module_preset=&#187;default&#187; global_colors_info=&#187;{}&#187;][\/et_pb_image][\/et_pb_column][\/et_pb_row][\/et_pb_section]<\/p>\n","protected":false},"excerpt":{"rendered":"<p>Puhastusteenused Sageli kuuleme s\u00f5pradelt-tuttavatelt, kuidas neil k\u00e4ib kord m\u00f5ne n\u00e4dala tagant kodus koristaja, kes aitab lisaks tolmuga v\u00f5itlemisele puhastada ka pehme m\u00f6\u00f6bli ning pesta aknad. Kust leida selline inimene, kes teeks k\u00f5ik puhastusteenused sinu eest laitmatult \u00e4ra? Selleks tasub kindlasti k\u00fcsida tuttavate soovitusi, aga muidugi v\u00f5ib otsida ka internetist usaldusv\u00e4\u00e4rset koristusfirmat. Usaldusv\u00e4\u00e4rsuse juures on k\u00f5ige [&hellip;]<\/p>\n","protected":false},"author":1,"featured_media":0,"parent":0,"menu_order":0,"comment_status":"closed","ping_status":"closed","template":"","meta":{"_et_pb_use_builder":"on","_et_pb_old_content":"","_et_gb_content_width":"","footnotes":""},"class_list":["post-689","page","type-page","status-publish","hentry"],"_links":{"self":[{"href":"https:\/\/impuhastus.ee\/ru\/wp-json\/wp\/v2\/pages\/689","targetHints":{"allow":["GET"]}}],"collection":[{"href":"https:\/\/impuhastus.ee\/ru\/wp-json\/wp\/v2\/pages"}],"about":[{"href":"https:\/\/impuhastus.ee\/ru\/wp-json\/wp\/v2\/types\/page"}],"author":[{"embeddable":true,"href":"https:\/\/impuhastus.ee\/ru\/wp-json\/wp\/v2\/users\/1"}],"replies":[{"embeddable":true,"href":"https:\/\/impuhastus.ee\/ru\/wp-json\/wp\/v2\/comments?post=689"}],"version-history":[{"count":1,"href":"https:\/\/impuhastus.ee\/ru\/wp-json\/wp\/v2\/pages\/689\/revisions"}],"predecessor-version":[{"id":258411,"href":"https:\/\/impuhastus.ee\/ru\/wp-json\/wp\/v2\/pages\/689\/revisions\/258411"}],"wp:attachment":[{"href":"https:\/\/impuhastus.ee\/ru\/wp-json\/wp\/v2\/media?parent=689"}],"curies":[{"name":"wp","href":"https:\/\/api.w.org\/{rel}","templated":true}]}}